{"id":8,"date":"2017-02-07T08:48:42","date_gmt":"2017-02-07T06:48:42","guid":{"rendered":"http:\/\/www.villakoivurinne.com\/?page_id=8"},"modified":"2017-02-14T23:24:23","modified_gmt":"2017-02-14T21:24:23","slug":"sijainti","status":"publish","type":"page","link":"https:\/\/www.villakoivurinne.com\/?page_id=8","title":{"rendered":"Sijainti"},"content":{"rendered":"<div id=\"pl-8\"  class=\"panel-layout\" ><div id=\"pg-8-0\"  class=\"panel-grid panel-no-style\" ><div id=\"pgc-8-0-0\"  class=\"panel-grid-cell\" ><div id=\"panel-8-0-0-0\" class=\"so-panel widget widget_sow-editor panel-first-child panel-last-child\" data-index=\"0\" ><div\n\t\t\t\n\t\t\tclass=\"so-widget-sow-editor so-widget-sow-editor-base\"\n\t\t\t\n\t\t>\n<div class=\"siteorigin-widget-tinymce textwidget\">\n\t<p>Villa Koivurinne sijaitsee pieness\u00e4 kunnassa Reisj\u00e4rvell\u00e4, samannimisen j\u00e4rven rannalla Susisaaressa. Reisj\u00e4rvi sijaitsee Haapaj\u00e4rven ja Pihtiputaan l\u00e4heisyydess\u00e4, noin 50km nelostielt\u00e4. Susisaareen on tieyhteys p\u00e4\u00e4tielt\u00e4 ja se on noin 1,5 km pitk\u00e4. Susisaaressa sijaitsee my\u00f6s tenniskentt\u00e4 sek\u00e4 saaren alussa Hotelli \/ Ravintola Saari.<\/p>\n<p>Huvila sijaitsee saaren p\u00e4\u00e4dyss\u00e4 joten naapureita on vain yhdell\u00e4 puolella.<\/p>\n<p>Huvilan saunasta on hyv\u00e4 kulkuyhteys kahteen erilliseen uimapaikkaan, saaren p\u00e4\u00e4tyyn sek\u00e4 erilliseen uimapaikkaan jossa my\u00f6s laituri.<\/p>\n<p>Koivurinteen oma ranta on mukavan matala my\u00f6s lapsille ja j\u00e4rven pohja on hiekkapohja.<\/p>\n<p>Et\u00e4isyydet (km):<\/p>\n<ul>\n<li>Helsinki 450 km,<\/li>\n<li>Jyv\u00e4skyl\u00e4 170 km,<\/li>\n<li>Haapaj\u00e4rvi 30km (l\u00e4hin Alko)<\/li>\n<li>linja-auto 1,5 km,<\/li>\n<li>ravintola 1 km,<\/li>\n<li>kauppa 1,5 km (S-market ja K-kauppa)<\/li>\n<\/ul>\n<p>Palvelut kirkonkyl\u00e4ll\u00e4:<\/p>\n<ul>\n<li>Kirkonkyl\u00e4ll\u00e4 on lis\u00e4ksi pankkiautomaatti, pankki, kahvila, kukkakauppa, R-kioski ja kauneushoitola (Hetki) jota voimme l\u00e4mpim\u00e4sti suositella, sek\u00e4 muutamia muita peruspalveluita.<\/li>\n<li>Vaellusreitti Peuranpolku sijaitsee muutaman sadan metrin p\u00e4\u00e4ss\u00e4.<\/li>\n<li>Reisj\u00e4rvell\u00e4 ja Vuohtaj\u00e4rvell\u00e4 hyv\u00e4t kalastusmahdollisuudet, kalastuslupia voi hankkia Teboililta.<\/li>\n<\/ul>\n<\/div>\n<\/div><\/div><\/div><div id=\"pgc-8-0-1\"  class=\"panel-grid-cell\" ><div id=\"panel-8-0-1-0\" class=\"so-panel widget widget_sow-image panel-first-child panel-last-child\" data-index=\"1\" ><div\n\t\t\t\n\t\t\tclass=\"so-widget-sow-image so-widget-sow-image-default-d6014b76747a-8\"\n\t\t\t\n\t\t>\n\n<div class=\"sow-image-container\">\n\t\t<img src=\"https:\/\/www.villakoivurinne.com\/wp-content\/uploads\/2017\/02\/susis_ilmak.jpg\" width=\"344\" height=\"436\" srcset=\"https:\/\/www.villakoivurinne.com\/wp-content\/uploads\/2017\/02\/susis_ilmak.jpg 344w, https:\/\/www.villakoivurinne.com\/wp-content\/uploads\/2017\/02\/susis_ilmak-237x300.jpg 237w\" sizes=\"(max-width: 344px) 100vw, 344px\" title=\"Susisaari\" alt=\"\" loading=\"lazy\" \t\tclass=\"so-widget-image\"\/>\n\t<\/div>\n\n<\/div><\/div><\/div><\/div><div id=\"pg-8-1\"  class=\"panel-grid panel-no-style\" ><div id=\"pgc-8-1-0\"  class=\"panel-grid-cell\" ><div id=\"panel-8-1-0-0\" class=\"so-panel widget widget_sow-image-grid panel-first-child panel-last-child\" data-index=\"2\" ><div\n\t\t\t\n\t\t\tclass=\"so-widget-sow-image-grid so-widget-sow-image-grid-default-3fbf13dff59f-8\"\n\t\t\t\n\t\t>\t<div class=\"sow-image-grid-wrapper\"\n\t\t\t\t>\n\t\t\t\t\t<div class=\"sow-image-grid-image\">\n\t\t\t\t\t\t\t\t\t\t\t\t<img width=\"768\" height=\"494\" src=\"https:\/\/www.villakoivurinne.com\/wp-content\/uploads\/2017\/02\/cottage-end2-768x494.jpg\" class=\"sow-image-grid-image_html\" alt=\"\" decoding=\"async\" loading=\"lazy\" title=\"cottage end2\" srcset=\"https:\/\/www.villakoivurinne.com\/wp-content\/uploads\/2017\/02\/cottage-end2-768x494.jpg 768w, https:\/\/www.villakoivurinne.com\/wp-content\/uploads\/2017\/02\/cottage-end2-300x193.jpg 300w, https:\/\/www.villakoivurinne.com\/wp-content\/uploads\/2017\/02\/cottage-end2-1024x658.jpg 1024w, https:\/\/www.villakoivurinne.com\/wp-content\/uploads\/2017\/02\/cottage-end2.jpg 1223w\" sizes=\"(max-width: 768px) 100vw, 768px\" \/>\t\t\t\t\t\t\t\t\t\t\t<\/div>\n\t\t\t\t\t<div class=\"sow-image-grid-image\">\n\t\t\t\t\t\t\t\t\t\t\t\t<img width=\"768\" height=\"494\" src=\"https:\/\/www.villakoivurinne.com\/wp-content\/uploads\/2017\/02\/cottage-end1-768x494.jpg\" class=\"sow-image-grid-image_html\" alt=\"\" decoding=\"async\" loading=\"lazy\" title=\"cottage end1\" srcset=\"https:\/\/www.villakoivurinne.com\/wp-content\/uploads\/2017\/02\/cottage-end1-768x494.jpg 768w, https:\/\/www.villakoivurinne.com\/wp-content\/uploads\/2017\/02\/cottage-end1-300x193.jpg 300w, https:\/\/www.villakoivurinne.com\/wp-content\/uploads\/2017\/02\/cottage-end1-1024x658.jpg 1024w, https:\/\/www.villakoivurinne.com\/wp-content\/uploads\/2017\/02\/cottage-end1.jpg 1223w\" sizes=\"(max-width: 768px) 100vw, 768px\" \/>\t\t\t\t\t\t\t\t\t\t\t<\/div>\n\t\t\t\t\t<div class=\"sow-image-grid-image\">\n\t\t\t\t\t\t\t\t\t\t\t\t<img width=\"768\" height=\"558\" src=\"https:\/\/www.villakoivurinne.com\/wp-content\/uploads\/2017\/02\/foto1-768x558.jpg\" class=\"sow-image-grid-image_html\" alt=\"\" decoding=\"async\" loading=\"lazy\" title=\"\" srcset=\"https:\/\/www.villakoivurinne.com\/wp-content\/uploads\/2017\/02\/foto1-768x558.jpg 768w, https:\/\/www.villakoivurinne.com\/wp-content\/uploads\/2017\/02\/foto1-300x218.jpg 300w, https:\/\/www.villakoivurinne.com\/wp-content\/uploads\/2017\/02\/foto1.jpg 810w\" sizes=\"(max-width: 768px) 100vw, 768px\" \/>\t\t\t\t\t\t\t\t\t\t\t<\/div>\n\t\t\t<\/div>\n<\/div><\/div><\/div><\/div><\/div>","protected":false},"excerpt":{"rendered":"<p>Villa Koivurinne sijaitsee pieness\u00e4 kunnassa Reisj\u00e4rvell\u00e4, samannimisen j\u00e4rven rannalla Susisaaressa. Reisj\u00e4rvi sijaitsee Haapaj\u00e4rven ja Pihtiputaan l\u00e4heisyydess\u00e4, noin 50km nelostielt\u00e4. Susisaareen on tieyhteys p\u00e4\u00e4tielt\u00e4 ja se on noin 1,5 km pitk\u00e4. Susisaaressa sijaitsee my\u00f6s tenniskentt\u00e4 sek\u00e4 saaren alussa Hotelli \/ Ravintola Saari.Huvila sijaitsee saaren p\u00e4\u00e4dyss\u00e4 joten naapureita on vain yhdell\u00e4 puolella.Huvilan saunasta on hyv\u00e4 kulkuyhteys kahteen [&hellip;]<\/p>\n","protected":false},"author":1,"featured_media":60,"parent":0,"menu_order":0,"comment_status":"closed","ping_status":"closed","template":"template-full-width.php","meta":[],"_links":{"self":[{"href":"https:\/\/www.villakoivurinne.com\/index.php?rest_route=\/wp\/v2\/pages\/8"}],"collection":[{"href":"https:\/\/www.villakoivurinne.com\/index.php?rest_route=\/wp\/v2\/pages"}],"about":[{"href":"https:\/\/www.villakoivurinne.com\/index.php?rest_route=\/wp\/v2\/types\/page"}],"author":[{"embeddable":true,"href":"https:\/\/www.villakoivurinne.com\/index.php?rest_route=\/wp\/v2\/users\/1"}],"replies":[{"embeddable":true,"href":"https:\/\/www.villakoivurinne.com\/index.php?rest_route=%2Fwp%2Fv2%2Fcomments&post=8"}],"version-history":[{"count":6,"href":"https:\/\/www.villakoivurinne.com\/index.php?rest_route=\/wp\/v2\/pages\/8\/revisions"}],"predecessor-version":[{"id":81,"href":"https:\/\/www.villakoivurinne.com\/index.php?rest_route=\/wp\/v2\/pages\/8\/revisions\/81"}],"wp:featuredmedia":[{"embeddable":true,"href":"https:\/\/www.villakoivurinne.com\/index.php?rest_route=\/wp\/v2\/media\/60"}],"wp:attachment":[{"href":"https:\/\/www.villakoivurinne.com\/index.php?rest_route=%2Fwp%2Fv2%2Fmedia&parent=8"}],"curies":[{"name":"wp","href":"https:\/\/api.w.org\/{rel}","templated":true}]}}