{"id":2,"date":"2017-02-07T08:33:47","date_gmt":"2017-02-07T06:33:47","guid":{"rendered":"http:\/\/www.villakoivurinne.com\/?page_id=2"},"modified":"2023-01-13T10:53:33","modified_gmt":"2023-01-13T08:53:33","slug":"esimerkkisivu","status":"publish","type":"page","link":"https:\/\/www.villakoivurinne.com\/","title":{"rendered":"VILLA KOIVURINNE"},"content":{"rendered":"<div id=\"pl-2\"  class=\"panel-layout\" ><div id=\"pg-2-0\"  class=\"panel-grid panel-has-style\" ><div class=\"siteorigin-panels-stretch panel-row-style panel-row-style-for-2-0\" data-stretch-type=\"full-stretched\" ><div id=\"pgc-2-0-0\"  class=\"panel-grid-cell\" ><div id=\"panel-2-0-0-0\" class=\"so-panel widget widget_sow-image panel-first-child panel-last-child\" data-index=\"0\" ><div\n\t\t\t\n\t\t\tclass=\"so-widget-sow-image so-widget-sow-image-default-17bc2272b535-2\"\n\t\t\t\n\t\t>\n\n<div class=\"sow-image-container\">\n\t\t<img src=\"https:\/\/www.villakoivurinne.com\/wp-content\/uploads\/2017\/02\/IMG_2074.jpg\" width=\"1200\" height=\"800\" srcset=\"https:\/\/www.villakoivurinne.com\/wp-content\/uploads\/2017\/02\/IMG_2074.jpg 1200w, https:\/\/www.villakoivurinne.com\/wp-content\/uploads\/2017\/02\/IMG_2074-300x200.jpg 300w, https:\/\/www.villakoivurinne.com\/wp-content\/uploads\/2017\/02\/IMG_2074-768x512.jpg 768w, https:\/\/www.villakoivurinne.com\/wp-content\/uploads\/2017\/02\/IMG_2074-1024x683.jpg 1024w, https:\/\/www.villakoivurinne.com\/wp-content\/uploads\/2017\/02\/IMG_2074-272x182.jpg 272w\" sizes=\"(max-width: 1200px) 100vw, 1200px\" alt=\"Villa Koivurinne\" loading=\"lazy\" \t\tclass=\"so-widget-image\"\/>\n\t<\/div>\n\n<\/div><\/div><\/div><\/div><\/div><div id=\"pg-2-1\"  class=\"panel-grid panel-has-style\" ><div class=\"siteorigin-panels-stretch panel-row-style panel-row-style-for-2-1\" data-stretch-type=\"full\" ><div id=\"pgc-2-1-0\"  class=\"panel-grid-cell panel-grid-cell-empty\" ><\/div><div id=\"pgc-2-1-1\"  class=\"panel-grid-cell panel-grid-cell-mobile-last\" ><div id=\"panel-2-1-1-0\" class=\"so-panel widget widget_sow-editor panel-first-child panel-last-child\" data-index=\"1\" ><div\n\t\t\t\n\t\t\tclass=\"so-widget-sow-editor so-widget-sow-editor-base\"\n\t\t\t\n\t\t>\n<div class=\"siteorigin-widget-tinymce textwidget\">\n\t<h2 style=\"text-align: center;\">VILLA KOIVURINNE<\/h2>\n<p style=\"text-align: center;\">Villa Koivurinne sijaitsee Reisj\u00e4rvell\u00e4, samannimisen j\u00e4rven rannalla Susisaaressa. Villa tarjoaa viihtyis\u00e4n milj\u00f6\u00f6n moniin eri harrastemahdollisuuksin. Huvila sijaitsee saaren p\u00e4\u00e4dyss\u00e4 joten naapureita on vain yhdell\u00e4 puolella ja omalla rannalla voi nauttia auringosta yksin tai koko perheen voimin. Villa on kokonsa puolesta ideaali perheelle esim. 2 aikuista ja 2-3 lasta, huvilaan mahtuu makuupaikkojen puolesta 6 henke\u00e4.<\/p>\n<\/div>\n<\/div><\/div><\/div><div id=\"pgc-2-1-2\"  class=\"panel-grid-cell panel-grid-cell-empty\" ><\/div><\/div><\/div><div id=\"pg-2-2\"  class=\"panel-grid panel-has-style\" ><div class=\"siteorigin-panels-stretch panel-row-style panel-row-style-for-2-2\" data-stretch-type=\"full\" ><div id=\"pgc-2-2-0\"  class=\"panel-grid-cell\" ><div id=\"panel-2-2-0-0\" class=\"so-panel widget widget_sow-image panel-first-child\" data-index=\"2\" ><div\n\t\t\t\n\t\t\tclass=\"so-widget-sow-image so-widget-sow-image-default-d6014b76747a-2\"\n\t\t\t\n\t\t>\n\n<div class=\"sow-image-container\">\n\t\t<img src=\"http:\/\/www.villakoivurinne.com\/wp-content\/uploads\/2017\/02\/DSCN2794_800.jpg\" title=\"VILLA KOIVURINNE\" alt=\"\" loading=\"lazy\" \t\tclass=\"so-widget-image\"\/>\n\t<\/div>\n\n<\/div><\/div><div id=\"panel-2-2-0-1\" class=\"so-panel widget widget_sow-editor panel-last-child\" data-index=\"3\" ><div\n\t\t\t\n\t\t\tclass=\"so-widget-sow-editor so-widget-sow-editor-base\"\n\t\t\t\n\t\t><h3 class=\"widget-title\">SIJAINTI<\/h3>\n<div class=\"siteorigin-widget-tinymce textwidget\">\n\t<p>Villa Koivurinne sijaitsee pieness\u00e4 kunnassa Reisj\u00e4rvell\u00e4, samannimisen j\u00e4rven rannalla Susisaaressa.\u00a0Reisj\u00e4rvi sijaitsee Haapaj\u00e4rven ja Pihtiputaan l\u00e4heisyydess\u00e4, noin 50 km nelostielt\u00e4.<\/p>\n<p><a href=\"http:\/\/www.villakoivurinne.com\/?page_id=8\"><span style=\"color: #f39c12;\">Lue lis\u00e4\u00e4<\/span><\/a><\/p>\n<\/div>\n<\/div><\/div><\/div><div id=\"pgc-2-2-1\"  class=\"panel-grid-cell\" ><div id=\"panel-2-2-1-0\" class=\"so-panel widget widget_sow-image panel-first-child\" data-index=\"4\" ><div\n\t\t\t\n\t\t\tclass=\"so-widget-sow-image so-widget-sow-image-default-d6014b76747a-2\"\n\t\t\t\n\t\t>\n\n<div class=\"sow-image-container\">\n\t\t<img src=\"https:\/\/www.villakoivurinne.com\/wp-content\/uploads\/2017\/02\/DSCN3344-500x380.jpg\" width=\"500\" height=\"380\" sizes=\"(max-width: 500px) 100vw, 500px\" alt=\"\" loading=\"lazy\" \t\tclass=\"so-widget-image\"\/>\n\t<\/div>\n\n<\/div><\/div><div id=\"panel-2-2-1-1\" class=\"so-panel widget widget_sow-editor panel-last-child\" data-index=\"5\" ><div\n\t\t\t\n\t\t\tclass=\"so-widget-sow-editor so-widget-sow-editor-base\"\n\t\t\t\n\t\t><h3 class=\"widget-title\">VARUSTUS<\/h3>\n<div class=\"siteorigin-widget-tinymce textwidget\">\n\t<p>Villa Koivurinteest\u00e4 l\u00f6yd\u00e4t kaikki modernit mukavuudet - hyvin varustettu moderni keitti\u00f6,\u00a0takka, pihalla grillipaviljonki, sis\u00e4vessa, kylpyhuone sek\u00e4 sauna.<\/p>\n<p><a href=\"http:\/\/www.villakoivurinne.com\/?page_id=10\"><span style=\"color: #f39c12;\">Lue lis\u00e4\u00e4 varusteluista<\/span><\/a><\/p>\n<\/div>\n<\/div><\/div><\/div><div id=\"pgc-2-2-2\"  class=\"panel-grid-cell\" ><div id=\"panel-2-2-2-0\" class=\"so-panel widget widget_sow-image panel-first-child\" data-index=\"6\" ><div\n\t\t\t\n\t\t\tclass=\"so-widget-sow-image so-widget-sow-image-default-d6014b76747a-2\"\n\t\t\t\n\t\t>\n\n<div class=\"sow-image-container\">\n\t\t<img src=\"https:\/\/www.villakoivurinne.com\/wp-content\/uploads\/2017\/02\/50.jpg\" width=\"800\" height=\"600\" srcset=\"https:\/\/www.villakoivurinne.com\/wp-content\/uploads\/2017\/02\/50.jpg 800w, https:\/\/www.villakoivurinne.com\/wp-content\/uploads\/2017\/02\/50-300x225.jpg 300w, https:\/\/www.villakoivurinne.com\/wp-content\/uploads\/2017\/02\/50-768x576.jpg 768w\" sizes=\"(max-width: 800px) 100vw, 800px\" title=\"_50\" alt=\"\" loading=\"lazy\" \t\tclass=\"so-widget-image\"\/>\n\t<\/div>\n\n<\/div><\/div><div id=\"panel-2-2-2-1\" class=\"so-panel widget widget_sow-editor panel-last-child\" data-index=\"7\" ><div\n\t\t\t\n\t\t\tclass=\"so-widget-sow-editor so-widget-sow-editor-base\"\n\t\t\t\n\t\t><h3 class=\"widget-title\">VUOKRAUS<\/h3>\n<div class=\"siteorigin-widget-tinymce textwidget\">\n\t<p>Tutustu vuokrausehtoihin sek\u00e4 hinnastoon.<\/p>\n<p><a href=\"http:\/\/www.villakoivurinne.com\/?page_id=12\"><span style=\"color: #f39c12;\">Lue lis\u00e4\u00e4<\/span><\/a><\/p>\n<\/div>\n<\/div><\/div><\/div><\/div><\/div><div id=\"pg-2-3\"  class=\"panel-grid panel-no-style\" ><div id=\"pgc-2-3-0\"  class=\"panel-grid-cell\" ><div id=\"panel-2-3-0-0\" class=\"so-panel widget widget_sow-headline panel-first-child\" data-index=\"8\" ><div\n\t\t\t\n\t\t\tclass=\"so-widget-sow-headline so-widget-sow-headline-default-7d9d5063f6b3-2\"\n\t\t\t\n\t\t><div class=\"sow-headline-container \">\n\t<h1 class='sow-headline'>KUVAGALLERIA<\/h1>\t\t\t\t\t<div class=\"decoration\">\n\t\t\t\t\t\t<div class=\"decoration-inside\"><\/div>\n\t\t\t\t\t<\/div>\n\t\t\t\t\t<\/div><\/div><\/div><div id=\"panel-2-3-0-1\" class=\"so-panel widget widget_sow-image-grid panel-last-child\" data-index=\"9\" ><div\n\t\t\t\n\t\t\tclass=\"so-widget-sow-image-grid so-widget-sow-image-grid-default-3fbf13dff59f-2\"\n\t\t\t\n\t\t>\t<div class=\"sow-image-grid-wrapper\"\n\t\t\t\t>\n\t\t\t\t\t<div class=\"sow-image-grid-image\">\n\t\t\t\t\t\t\t\t\t\t\t\t<img width=\"300\" height=\"225\" src=\"https:\/\/www.villakoivurinne.com\/wp-content\/uploads\/2017\/02\/DSCN2794_800-300x225.jpg\" class=\"sow-image-grid-image_html\" alt=\"\" decoding=\"async\" loading=\"lazy\" title=\"\" srcset=\"https:\/\/www.villakoivurinne.com\/wp-content\/uploads\/2017\/02\/DSCN2794_800-300x225.jpg 300w, https:\/\/www.villakoivurinne.com\/wp-content\/uploads\/2017\/02\/DSCN2794_800-768x576.jpg 768w, https:\/\/www.villakoivurinne.com\/wp-content\/uploads\/2017\/02\/DSCN2794_800.jpg 800w\" sizes=\"(max-width: 300px) 100vw, 300px\" \/>\t\t\t\t\t\t\t\t\t\t\t<\/div>\n\t\t\t\t\t<div class=\"sow-image-grid-image\">\n\t\t\t\t\t\t\t\t\t\t\t\t<img width=\"300\" height=\"200\" src=\"https:\/\/www.villakoivurinne.com\/wp-content\/uploads\/2017\/02\/IMG_2074-300x200.jpg\" class=\"sow-image-grid-image_html\" alt=\"\" decoding=\"async\" loading=\"lazy\" title=\"\" srcset=\"https:\/\/www.villakoivurinne.com\/wp-content\/uploads\/2017\/02\/IMG_2074-300x200.jpg 300w, https:\/\/www.villakoivurinne.com\/wp-content\/uploads\/2017\/02\/IMG_2074-768x512.jpg 768w, https:\/\/www.villakoivurinne.com\/wp-content\/uploads\/2017\/02\/IMG_2074-1024x683.jpg 1024w, https:\/\/www.villakoivurinne.com\/wp-content\/uploads\/2017\/02\/IMG_2074-272x182.jpg 272w, https:\/\/www.villakoivurinne.com\/wp-content\/uploads\/2017\/02\/IMG_2074.jpg 1200w\" sizes=\"(max-width: 300px) 100vw, 300px\" \/>\t\t\t\t\t\t\t\t\t\t\t<\/div>\n\t\t\t\t\t<div class=\"sow-image-grid-image\">\n\t\t\t\t\t\t\t\t\t\t\t\t<img width=\"300\" height=\"225\" src=\"https:\/\/www.villakoivurinne.com\/wp-content\/uploads\/2017\/02\/DSCN3344-300x225.jpg\" class=\"sow-image-grid-image_html\" alt=\"\" decoding=\"async\" loading=\"lazy\" title=\"\" srcset=\"https:\/\/www.villakoivurinne.com\/wp-content\/uploads\/2017\/02\/DSCN3344-300x225.jpg 300w, https:\/\/www.villakoivurinne.com\/wp-content\/uploads\/2017\/02\/DSCN3344-768x576.jpg 768w, https:\/\/www.villakoivurinne.com\/wp-content\/uploads\/2017\/02\/DSCN3344-1024x768.jpg 1024w, https:\/\/www.villakoivurinne.com\/wp-content\/uploads\/2017\/02\/DSCN3344.jpg 2048w\" sizes=\"(max-width: 300px) 100vw, 300px\" \/>\t\t\t\t\t\t\t\t\t\t\t<\/div>\n\t\t\t\t\t<div class=\"sow-image-grid-image\">\n\t\t\t\t\t\t\t\t\t\t\t\t<img width=\"300\" height=\"225\" src=\"https:\/\/www.villakoivurinne.com\/wp-content\/uploads\/2017\/02\/50-300x225.jpg\" class=\"sow-image-grid-image_html\" alt=\"\" decoding=\"async\" loading=\"lazy\" title=\"_50\" srcset=\"https:\/\/www.villakoivurinne.com\/wp-content\/uploads\/2017\/02\/50-300x225.jpg 300w, https:\/\/www.villakoivurinne.com\/wp-content\/uploads\/2017\/02\/50-768x576.jpg 768w, https:\/\/www.villakoivurinne.com\/wp-content\/uploads\/2017\/02\/50.jpg 800w\" sizes=\"(max-width: 300px) 100vw, 300px\" \/>\t\t\t\t\t\t\t\t\t\t\t<\/div>\n\t\t\t\t\t<div class=\"sow-image-grid-image\">\n\t\t\t\t\t\t\t\t\t\t\t\t<img width=\"200\" height=\"300\" src=\"https:\/\/www.villakoivurinne.com\/wp-content\/uploads\/2017\/02\/525_2503-200x300.jpg\" class=\"sow-image-grid-image_html\" alt=\"\" decoding=\"async\" loading=\"lazy\" title=\"\" srcset=\"https:\/\/www.villakoivurinne.com\/wp-content\/uploads\/2017\/02\/525_2503-200x300.jpg 200w, https:\/\/www.villakoivurinne.com\/wp-content\/uploads\/2017\/02\/525_2503.jpg 512w\" sizes=\"(max-width: 200px) 100vw, 200px\" \/>\t\t\t\t\t\t\t\t\t\t\t<\/div>\n\t\t\t\t\t<div class=\"sow-image-grid-image\">\n\t\t\t\t\t\t\t\t\t\t\t\t<img width=\"300\" height=\"225\" src=\"https:\/\/www.villakoivurinne.com\/wp-content\/uploads\/2017\/02\/53-300x225.jpg\" class=\"sow-image-grid-image_html\" alt=\"\" decoding=\"async\" loading=\"lazy\" title=\"_53\" srcset=\"https:\/\/www.villakoivurinne.com\/wp-content\/uploads\/2017\/02\/53-300x225.jpg 300w, https:\/\/www.villakoivurinne.com\/wp-content\/uploads\/2017\/02\/53-768x576.jpg 768w, https:\/\/www.villakoivurinne.com\/wp-content\/uploads\/2017\/02\/53.jpg 800w\" sizes=\"(max-width: 300px) 100vw, 300px\" \/>\t\t\t\t\t\t\t\t\t\t\t<\/div>\n\t\t\t\t\t<div class=\"sow-image-grid-image\">\n\t\t\t\t\t\t\t\t\t\t\t\t<img width=\"300\" height=\"225\" src=\"https:\/\/www.villakoivurinne.com\/wp-content\/uploads\/2017\/02\/DSCN3313-300x225.jpg\" class=\"sow-image-grid-image_html\" alt=\"\" decoding=\"async\" loading=\"lazy\" title=\"\" srcset=\"https:\/\/www.villakoivurinne.com\/wp-content\/uploads\/2017\/02\/DSCN3313-300x225.jpg 300w, https:\/\/www.villakoivurinne.com\/wp-content\/uploads\/2017\/02\/DSCN3313-768x576.jpg 768w, https:\/\/www.villakoivurinne.com\/wp-content\/uploads\/2017\/02\/DSCN3313.jpg 800w\" sizes=\"(max-width: 300px) 100vw, 300px\" \/>\t\t\t\t\t\t\t\t\t\t\t<\/div>\n\t\t\t\t\t<div class=\"sow-image-grid-image\">\n\t\t\t\t\t\t\t\t\t\t\t\t<img width=\"225\" height=\"300\" src=\"https:\/\/www.villakoivurinne.com\/wp-content\/uploads\/2017\/02\/DSCN3240-225x300.jpg\" class=\"sow-image-grid-image_html\" alt=\"\" decoding=\"async\" loading=\"lazy\" title=\"\" srcset=\"https:\/\/www.villakoivurinne.com\/wp-content\/uploads\/2017\/02\/DSCN3240-225x300.jpg 225w, https:\/\/www.villakoivurinne.com\/wp-content\/uploads\/2017\/02\/DSCN3240-768x1024.jpg 768w, https:\/\/www.villakoivurinne.com\/wp-content\/uploads\/2017\/02\/DSCN3240.jpg 800w\" sizes=\"(max-width: 225px) 100vw, 225px\" \/>\t\t\t\t\t\t\t\t\t\t\t<\/div>\n\t\t\t\t\t<div class=\"sow-image-grid-image\">\n\t\t\t\t\t\t\t\t\t\t\t\t<img width=\"300\" height=\"225\" src=\"https:\/\/www.villakoivurinne.com\/wp-content\/uploads\/2017\/02\/DSCN2242-300x225.jpg\" class=\"sow-image-grid-image_html\" alt=\"\" decoding=\"async\" loading=\"lazy\" title=\"\" srcset=\"https:\/\/www.villakoivurinne.com\/wp-content\/uploads\/2017\/02\/DSCN2242-300x225.jpg 300w, https:\/\/www.villakoivurinne.com\/wp-content\/uploads\/2017\/02\/DSCN2242-768x576.jpg 768w, https:\/\/www.villakoivurinne.com\/wp-content\/uploads\/2017\/02\/DSCN2242.jpg 800w\" sizes=\"(max-width: 300px) 100vw, 300px\" \/>\t\t\t\t\t\t\t\t\t\t\t<\/div>\n\t\t\t\t\t<div class=\"sow-image-grid-image\">\n\t\t\t\t\t\t\t\t\t\t\t\t<img width=\"300\" height=\"225\" src=\"https:\/\/www.villakoivurinne.com\/wp-content\/uploads\/2017\/02\/DSCN3314-300x225.jpg\" class=\"sow-image-grid-image_html\" alt=\"\" decoding=\"async\" loading=\"lazy\" title=\"\" srcset=\"https:\/\/www.villakoivurinne.com\/wp-content\/uploads\/2017\/02\/DSCN3314-300x225.jpg 300w, https:\/\/www.villakoivurinne.com\/wp-content\/uploads\/2017\/02\/DSCN3314-768x576.jpg 768w, https:\/\/www.villakoivurinne.com\/wp-content\/uploads\/2017\/02\/DSCN3314.jpg 800w\" sizes=\"(max-width: 300px) 100vw, 300px\" \/>\t\t\t\t\t\t\t\t\t\t\t<\/div>\n\t\t\t\t\t<div class=\"sow-image-grid-image\">\n\t\t\t\t\t\t\t\t\t\t\t\t<img width=\"300\" height=\"225\" src=\"https:\/\/www.villakoivurinne.com\/wp-content\/uploads\/2017\/02\/DSCN3683-300x225.jpg\" class=\"sow-image-grid-image_html\" alt=\"\" decoding=\"async\" loading=\"lazy\" title=\"\" srcset=\"https:\/\/www.villakoivurinne.com\/wp-content\/uploads\/2017\/02\/DSCN3683-300x225.jpg 300w, https:\/\/www.villakoivurinne.com\/wp-content\/uploads\/2017\/02\/DSCN3683-768x576.jpg 768w, https:\/\/www.villakoivurinne.com\/wp-content\/uploads\/2017\/02\/DSCN3683.jpg 800w\" sizes=\"(max-width: 300px) 100vw, 300px\" \/>\t\t\t\t\t\t\t\t\t\t\t<\/div>\n\t\t\t\t\t<div class=\"sow-image-grid-image\">\n\t\t\t\t\t\t\t\t\t\t\t\t<img width=\"300\" height=\"225\" src=\"https:\/\/www.villakoivurinne.com\/wp-content\/uploads\/2017\/02\/DSCN3777-300x225.jpg\" class=\"sow-image-grid-image_html\" alt=\"\" decoding=\"async\" loading=\"lazy\" title=\"\" srcset=\"https:\/\/www.villakoivurinne.com\/wp-content\/uploads\/2017\/02\/DSCN3777-300x225.jpg 300w, https:\/\/www.villakoivurinne.com\/wp-content\/uploads\/2017\/02\/DSCN3777-768x576.jpg 768w, https:\/\/www.villakoivurinne.com\/wp-content\/uploads\/2017\/02\/DSCN3777.jpg 800w\" sizes=\"(max-width: 300px) 100vw, 300px\" \/>\t\t\t\t\t\t\t\t\t\t\t<\/div>\n\t\t\t\t\t<div class=\"sow-image-grid-image\">\n\t\t\t\t\t\t\t\t\t\t\t\t<img width=\"300\" height=\"200\" src=\"https:\/\/www.villakoivurinne.com\/wp-content\/uploads\/2017\/02\/IMG_0167-300x200.jpg\" class=\"sow-image-grid-image_html\" alt=\"\" decoding=\"async\" loading=\"lazy\" title=\"\" srcset=\"https:\/\/www.villakoivurinne.com\/wp-content\/uploads\/2017\/02\/IMG_0167-300x200.jpg 300w, https:\/\/www.villakoivurinne.com\/wp-content\/uploads\/2017\/02\/IMG_0167-768x512.jpg 768w, https:\/\/www.villakoivurinne.com\/wp-content\/uploads\/2017\/02\/IMG_0167-272x182.jpg 272w, https:\/\/www.villakoivurinne.com\/wp-content\/uploads\/2017\/02\/IMG_0167.jpg 800w\" sizes=\"(max-width: 300px) 100vw, 300px\" \/>\t\t\t\t\t\t\t\t\t\t\t<\/div>\n\t\t\t\t\t<div class=\"sow-image-grid-image\">\n\t\t\t\t\t\t\t\t\t\t\t\t<img width=\"300\" height=\"200\" src=\"https:\/\/www.villakoivurinne.com\/wp-content\/uploads\/2017\/02\/IMG_0420-300x200.jpg\" class=\"sow-image-grid-image_html\" alt=\"\" decoding=\"async\" loading=\"lazy\" title=\"\" srcset=\"https:\/\/www.villakoivurinne.com\/wp-content\/uploads\/2017\/02\/IMG_0420-300x200.jpg 300w, https:\/\/www.villakoivurinne.com\/wp-content\/uploads\/2017\/02\/IMG_0420-768x512.jpg 768w, https:\/\/www.villakoivurinne.com\/wp-content\/uploads\/2017\/02\/IMG_0420-272x182.jpg 272w, https:\/\/www.villakoivurinne.com\/wp-content\/uploads\/2017\/02\/IMG_0420.jpg 800w\" sizes=\"(max-width: 300px) 100vw, 300px\" \/>\t\t\t\t\t\t\t\t\t\t\t<\/div>\n\t\t\t\t\t<div class=\"sow-image-grid-image\">\n\t\t\t\t\t\t\t\t\t\t\t\t<img width=\"300\" height=\"194\" src=\"https:\/\/www.villakoivurinne.com\/wp-content\/uploads\/2017\/02\/keittio_sivu_002-300x194.jpg\" class=\"sow-image-grid-image_html\" alt=\"\" decoding=\"async\" loading=\"lazy\" title=\"\" srcset=\"https:\/\/www.villakoivurinne.com\/wp-content\/uploads\/2017\/02\/keittio_sivu_002-300x194.jpg 300w, https:\/\/www.villakoivurinne.com\/wp-content\/uploads\/2017\/02\/keittio_sivu_002.jpg 340w\" sizes=\"(max-width: 300px) 100vw, 300px\" \/>\t\t\t\t\t\t\t\t\t\t\t<\/div>\n\t\t\t\t\t<div class=\"sow-image-grid-image\">\n\t\t\t\t\t\t\t\t\t\t\t\t<img width=\"300\" height=\"200\" src=\"https:\/\/www.villakoivurinne.com\/wp-content\/uploads\/2017\/02\/Kopio-524_2482-300x200.jpg\" class=\"sow-image-grid-image_html\" alt=\"\" decoding=\"async\" loading=\"lazy\" title=\"Kopio 524_2482\" srcset=\"https:\/\/www.villakoivurinne.com\/wp-content\/uploads\/2017\/02\/Kopio-524_2482-300x200.jpg 300w, https:\/\/www.villakoivurinne.com\/wp-content\/uploads\/2017\/02\/Kopio-524_2482-768x512.jpg 768w, https:\/\/www.villakoivurinne.com\/wp-content\/uploads\/2017\/02\/Kopio-524_2482.jpg 1024w, https:\/\/www.villakoivurinne.com\/wp-content\/uploads\/2017\/02\/Kopio-524_2482-272x182.jpg 272w\" sizes=\"(max-width: 300px) 100vw, 300px\" \/>\t\t\t\t\t\t\t\t\t\t\t<\/div>\n\t\t\t\t\t<div class=\"sow-image-grid-image\">\n\t\t\t\t\t\t\t\t\t\t\t\t<img width=\"300\" height=\"225\" src=\"https:\/\/www.villakoivurinne.com\/wp-content\/uploads\/2017\/02\/P1000089-300x225.jpg\" class=\"sow-image-grid-image_html\" alt=\"\" decoding=\"async\" loading=\"lazy\" title=\"\" srcset=\"https:\/\/www.villakoivurinne.com\/wp-content\/uploads\/2017\/02\/P1000089-300x225.jpg 300w, https:\/\/www.villakoivurinne.com\/wp-content\/uploads\/2017\/02\/P1000089-768x576.jpg 768w, https:\/\/www.villakoivurinne.com\/wp-content\/uploads\/2017\/02\/P1000089.jpg 800w\" sizes=\"(max-width: 300px) 100vw, 300px\" \/>\t\t\t\t\t\t\t\t\t\t\t<\/div>\n\t\t\t<\/div>\n<\/div><\/div><\/div><\/div><\/div>","protected":false},"excerpt":{"rendered":"<p>VILLA KOIVURINNEVilla Koivurinne sijaitsee Reisj\u00e4rvell\u00e4, samannimisen j\u00e4rven rannalla Susisaaressa. Villa tarjoaa viihtyis\u00e4n milj\u00f6\u00f6n moniin eri harrastemahdollisuuksin. Huvila sijaitsee saaren p\u00e4\u00e4dyss\u00e4 joten naapureita on vain yhdell\u00e4 puolella ja omalla rannalla voi nauttia auringosta yksin tai koko perheen voimin. Villa on kokonsa puolesta ideaali perheelle esim. 2 aikuista ja 2-3 lasta, huvilaan mahtuu makuupaikkojen puolesta 6 henke\u00e4.<\/p>\n","protected":false},"author":1,"featured_media":0,"parent":0,"menu_order":0,"comment_status":"closed","ping_status":"open","template":"template-full-width.php","meta":[],"_links":{"self":[{"href":"https:\/\/www.villakoivurinne.com\/index.php?rest_route=\/wp\/v2\/pages\/2"}],"collection":[{"href":"https:\/\/www.villakoivurinne.com\/index.php?rest_route=\/wp\/v2\/pages"}],"about":[{"href":"https:\/\/www.villakoivurinne.com\/index.php?rest_route=\/wp\/v2\/types\/page"}],"author":[{"embeddable":true,"href":"https:\/\/www.villakoivurinne.com\/index.php?rest_route=\/wp\/v2\/users\/1"}],"replies":[{"embeddable":true,"href":"https:\/\/www.villakoivurinne.com\/index.php?rest_route=%2Fwp%2Fv2%2Fcomments&post=2"}],"version-history":[{"count":29,"href":"https:\/\/www.villakoivurinne.com\/index.php?rest_route=\/wp\/v2\/pages\/2\/revisions"}],"predecessor-version":[{"id":93,"href":"https:\/\/www.villakoivurinne.com\/index.php?rest_route=\/wp\/v2\/pages\/2\/revisions\/93"}],"wp:attachment":[{"href":"https:\/\/www.villakoivurinne.com\/index.php?rest_route=%2Fwp%2Fv2%2Fmedia&parent=2"}],"curies":[{"name":"wp","href":"https:\/\/api.w.org\/{rel}","templated":true}]}}