{"id":12,"date":"2017-02-07T08:50:01","date_gmt":"2017-02-07T06:50:01","guid":{"rendered":"http:\/\/www.villakoivurinne.com\/?page_id=12"},"modified":"2017-02-14T23:18:03","modified_gmt":"2017-02-14T21:18:03","slug":"vuokraus-ja-hinnasto","status":"publish","type":"page","link":"https:\/\/www.villakoivurinne.com\/?page_id=12","title":{"rendered":"Vuokraus ja hinnasto"},"content":{"rendered":"<p>L\u00f6yd\u00e4t voimassaolevan hinnaston sek\u00e4 Villa Koivunrinteen tarkemmat tiedot ja vuokraehdot alla olevasta esitteest\u00e4.<\/p>\n<p><a href=\"https:\/\/www.villakoivurinne.com\/wp-content\/uploads\/2017\/02\/Vuokrausehdot-2017.pdf\">Vuokrausehdot 2017<\/a><\/p>\n<p>&nbsp;<\/p>\n","protected":false},"excerpt":{"rendered":"<p>L\u00f6yd\u00e4t voimassaolevan hinnaston sek\u00e4 Villa Koivunrinteen tarkemmat tiedot ja vuokraehdot alla olevasta esitteest\u00e4. Vuokrausehdot 2017 &nbsp;<\/p>\n","protected":false},"author":1,"featured_media":0,"parent":0,"menu_order":0,"comment_status":"closed","ping_status":"closed","template":"","meta":[],"_links":{"self":[{"href":"https:\/\/www.villakoivurinne.com\/index.php?rest_route=\/wp\/v2\/pages\/12"}],"collection":[{"href":"https:\/\/www.villakoivurinne.com\/index.php?rest_route=\/wp\/v2\/pages"}],"about":[{"href":"https:\/\/www.villakoivurinne.com\/index.php?rest_route=\/wp\/v2\/types\/page"}],"author":[{"embeddable":true,"href":"https:\/\/www.villakoivurinne.com\/index.php?rest_route=\/wp\/v2\/users\/1"}],"replies":[{"embeddable":true,"href":"https:\/\/www.villakoivurinne.com\/index.php?rest_route=%2Fwp%2Fv2%2Fcomments&post=12"}],"version-history":[{"count":3,"href":"https:\/\/www.villakoivurinne.com\/index.php?rest_route=\/wp\/v2\/pages\/12\/revisions"}],"predecessor-version":[{"id":79,"href":"https:\/\/www.villakoivurinne.com\/index.php?rest_route=\/wp\/v2\/pages\/12\/revisions\/79"}],"wp:attachment":[{"href":"https:\/\/www.villakoivurinne.com\/index.php?rest_route=%2Fwp%2Fv2%2Fmedia&parent=12"}],"curies":[{"name":"wp","href":"https:\/\/api.w.org\/{rel}","templated":true}]}}