{"id":10,"date":"2017-02-07T08:49:04","date_gmt":"2017-02-07T06:49:04","guid":{"rendered":"http:\/\/www.villakoivurinne.com\/?page_id=10"},"modified":"2017-02-14T23:21:50","modified_gmt":"2017-02-14T21:21:50","slug":"varustus","status":"publish","type":"page","link":"https:\/\/www.villakoivurinne.com\/?page_id=10","title":{"rendered":"Varustus"},"content":{"rendered":"<div id=\"pl-10\"  class=\"panel-layout\" ><div id=\"pg-10-0\"  class=\"panel-grid panel-no-style\" ><div id=\"pgc-10-0-0\"  class=\"panel-grid-cell\" ><div id=\"panel-10-0-0-0\" class=\"so-panel widget widget_sow-editor panel-first-child\" data-index=\"0\" ><div\n\t\t\t\n\t\t\tclass=\"so-widget-sow-editor so-widget-sow-editor-base\"\n\t\t\t\n\t\t>\n<div class=\"siteorigin-widget-tinymce textwidget\">\n\t<p style=\"text-align: center;\">Moderni keitti\u00f6 kaikkine varusteluineen (s\u00e4hk\u00f6liesi, uuni, tiskikone, j\u00e4\u00e4kappipakastin), 4-6 hengen astiastot. Takka ei varaava.<\/p>\n<p>\u00a0<\/p>\n<\/div>\n<\/div><\/div><div id=\"panel-10-0-0-1\" class=\"so-panel widget widget_sow-image-grid\" data-index=\"1\" ><div class=\"panel-widget-style panel-widget-style-for-10-0-0-1\" ><div\n\t\t\t\n\t\t\tclass=\"so-widget-sow-image-grid so-widget-sow-image-grid-default-3fbf13dff59f-10\"\n\t\t\t\n\t\t>\t<div class=\"sow-image-grid-wrapper\"\n\t\t\t\t>\n\t\t\t\t\t<div class=\"sow-image-grid-image\">\n\t\t\t\t\t\t\t\t\t\t\t\t<img width=\"300\" height=\"194\" src=\"https:\/\/www.villakoivurinne.com\/wp-content\/uploads\/2017\/02\/keittio_sivu_002-300x194.jpg\" class=\"sow-image-grid-image_html\" alt=\"\" decoding=\"async\" loading=\"lazy\" title=\"Keitti\u00f6\" srcset=\"https:\/\/www.villakoivurinne.com\/wp-content\/uploads\/2017\/02\/keittio_sivu_002-300x194.jpg 300w, https:\/\/www.villakoivurinne.com\/wp-content\/uploads\/2017\/02\/keittio_sivu_002.jpg 340w\" sizes=\"(max-width: 300px) 100vw, 300px\" \/>\t\t\t\t\t\t\t\t\t\t\t<\/div>\n\t\t\t\t\t<div class=\"sow-image-grid-image\">\n\t\t\t\t\t\t\t\t\t\t\t\t<img width=\"300\" height=\"200\" src=\"https:\/\/www.villakoivurinne.com\/wp-content\/uploads\/2017\/02\/Kopio-524_2482-300x200.jpg\" class=\"sow-image-grid-image_html\" alt=\"\" decoding=\"async\" loading=\"lazy\" title=\"Kopio 524_2482\" srcset=\"https:\/\/www.villakoivurinne.com\/wp-content\/uploads\/2017\/02\/Kopio-524_2482-300x200.jpg 300w, https:\/\/www.villakoivurinne.com\/wp-content\/uploads\/2017\/02\/Kopio-524_2482-768x512.jpg 768w, https:\/\/www.villakoivurinne.com\/wp-content\/uploads\/2017\/02\/Kopio-524_2482.jpg 1024w, https:\/\/www.villakoivurinne.com\/wp-content\/uploads\/2017\/02\/Kopio-524_2482-272x182.jpg 272w\" sizes=\"(max-width: 300px) 100vw, 300px\" \/>\t\t\t\t\t\t\t\t\t\t\t<\/div>\n\t\t\t\t\t<div class=\"sow-image-grid-image\">\n\t\t\t\t\t\t\t\t\t\t\t\t<img width=\"225\" height=\"300\" src=\"https:\/\/www.villakoivurinne.com\/wp-content\/uploads\/2017\/02\/DSCN2355-225x300.jpg\" class=\"sow-image-grid-image_html\" alt=\"\" decoding=\"async\" loading=\"lazy\" title=\"\" srcset=\"https:\/\/www.villakoivurinne.com\/wp-content\/uploads\/2017\/02\/DSCN2355-225x300.jpg 225w, https:\/\/www.villakoivurinne.com\/wp-content\/uploads\/2017\/02\/DSCN2355-768x1024.jpg 768w, https:\/\/www.villakoivurinne.com\/wp-content\/uploads\/2017\/02\/DSCN2355.jpg 800w\" sizes=\"(max-width: 225px) 100vw, 225px\" \/>\t\t\t\t\t\t\t\t\t\t\t<\/div>\n\t\t\t<\/div>\n<\/div><\/div><\/div><div id=\"panel-10-0-0-2\" class=\"so-panel widget widget_sow-editor\" data-index=\"2\" ><div\n\t\t\t\n\t\t\tclass=\"so-widget-sow-editor so-widget-sow-editor-base\"\n\t\t\t\n\t\t>\n<div class=\"siteorigin-widget-tinymce textwidget\">\n\t<p style=\"text-align: center;\">Grillipaviljongissa minikeitti\u00f6 varusteineen, puuhella ja uuni.<\/p>\n<p style=\"text-align: center;\">Sis\u00e4vessa, kylpyhuone ja sauna, erillist\u00e4 rantasaunaa ei ole.<\/p>\n<p style=\"text-align: center;\">Lemmikkiel\u00e4imet eiv\u00e4t ole sallittu.<\/p>\n<p>\u00a0<\/p>\n<\/div>\n<\/div><\/div><div id=\"panel-10-0-0-3\" class=\"so-panel widget widget_sow-image-grid\" data-index=\"3\" ><div\n\t\t\t\n\t\t\tclass=\"so-widget-sow-image-grid so-widget-sow-image-grid-default-3fbf13dff59f-10\"\n\t\t\t\n\t\t>\t<div class=\"sow-image-grid-wrapper\"\n\t\t\t\t>\n\t\t\t\t\t<div class=\"sow-image-grid-image\">\n\t\t\t\t\t\t\t\t\t\t\t\t<img width=\"200\" height=\"300\" src=\"https:\/\/www.villakoivurinne.com\/wp-content\/uploads\/2017\/02\/525_2503-200x300.jpg\" class=\"sow-image-grid-image_html\" alt=\"\" decoding=\"async\" loading=\"lazy\" title=\"Sauna\" srcset=\"https:\/\/www.villakoivurinne.com\/wp-content\/uploads\/2017\/02\/525_2503-200x300.jpg 200w, https:\/\/www.villakoivurinne.com\/wp-content\/uploads\/2017\/02\/525_2503.jpg 512w\" sizes=\"(max-width: 200px) 100vw, 200px\" \/>\t\t\t\t\t\t\t\t\t\t\t<\/div>\n\t\t\t\t\t<div class=\"sow-image-grid-image\">\n\t\t\t\t\t\t\t\t\t\t\t\t<img width=\"225\" height=\"300\" src=\"https:\/\/www.villakoivurinne.com\/wp-content\/uploads\/2017\/02\/DSCN2456-225x300.jpg\" class=\"sow-image-grid-image_html\" alt=\"\" decoding=\"async\" loading=\"lazy\" title=\"Sauna\" srcset=\"https:\/\/www.villakoivurinne.com\/wp-content\/uploads\/2017\/02\/DSCN2456-225x300.jpg 225w, https:\/\/www.villakoivurinne.com\/wp-content\/uploads\/2017\/02\/DSCN2456-768x1024.jpg 768w, https:\/\/www.villakoivurinne.com\/wp-content\/uploads\/2017\/02\/DSCN2456.jpg 800w\" sizes=\"(max-width: 225px) 100vw, 225px\" \/>\t\t\t\t\t\t\t\t\t\t\t<\/div>\n\t\t\t\t\t<div class=\"sow-image-grid-image\">\n\t\t\t\t\t\t\t\t\t\t\t\t<img width=\"225\" height=\"300\" src=\"https:\/\/www.villakoivurinne.com\/wp-content\/uploads\/2017\/02\/DSCN3134-225x300.jpg\" class=\"sow-image-grid-image_html\" alt=\"\" decoding=\"async\" loading=\"lazy\" title=\"Kylpuhuone\" srcset=\"https:\/\/www.villakoivurinne.com\/wp-content\/uploads\/2017\/02\/DSCN3134-225x300.jpg 225w, https:\/\/www.villakoivurinne.com\/wp-content\/uploads\/2017\/02\/DSCN3134-768x1024.jpg 768w, https:\/\/www.villakoivurinne.com\/wp-content\/uploads\/2017\/02\/DSCN3134.jpg 800w\" sizes=\"(max-width: 225px) 100vw, 225px\" \/>\t\t\t\t\t\t\t\t\t\t\t<\/div>\n\t\t\t\t\t<div class=\"sow-image-grid-image\">\n\t\t\t\t\t\t\t\t\t\t\t\t<img width=\"225\" height=\"300\" src=\"https:\/\/www.villakoivurinne.com\/wp-content\/uploads\/2017\/02\/DSCN3136-225x300.jpg\" class=\"sow-image-grid-image_html\" alt=\"\" decoding=\"async\" loading=\"lazy\" title=\"Suihku\" srcset=\"https:\/\/www.villakoivurinne.com\/wp-content\/uploads\/2017\/02\/DSCN3136-225x300.jpg 225w, https:\/\/www.villakoivurinne.com\/wp-content\/uploads\/2017\/02\/DSCN3136-768x1024.jpg 768w, https:\/\/www.villakoivurinne.com\/wp-content\/uploads\/2017\/02\/DSCN3136.jpg 800w\" sizes=\"(max-width: 225px) 100vw, 225px\" \/>\t\t\t\t\t\t\t\t\t\t\t<\/div>\n\t\t\t<\/div>\n<\/div><\/div><div id=\"panel-10-0-0-4\" class=\"so-panel widget widget_sow-editor panel-last-child\" data-index=\"4\" ><div\n\t\t\t\n\t\t\tclass=\"so-widget-sow-editor so-widget-sow-editor-base\"\n\t\t\t\n\t\t>\n<div class=\"siteorigin-widget-tinymce textwidget\">\n\t<p style=\"text-align: center;\">Lis\u00e4varusteet:<\/p>\n<p style=\"text-align: center;\">Huvilan varustuksiin kuuluu kalastuv\u00e4lineit\u00e4, sulkapallo verkko, petanque peli, kroketti, jalkapallo maalit yms.Leikki\/pelimahdollisuuksia, kanootti\u00a0<\/p>\n<p style=\"text-align: center;\">Susisaaren tenniskent\u00e4n vuokraa ja saatavuutta voi tiedustella hotellilta.<\/p>\n<\/div>\n<\/div><\/div><\/div><\/div><\/div>","protected":false},"excerpt":{"rendered":"<p>Moderni keitti\u00f6 kaikkine varusteluineen (s\u00e4hk\u00f6liesi, uuni, tiskikone, j\u00e4\u00e4kappipakastin), 4-6 hengen astiastot. Takka ei varaava.\u00a0 Grillipaviljongissa minikeitti\u00f6 varusteineen, puuhella ja uuni.Sis\u00e4vessa, kylpyhuone ja sauna, erillist\u00e4 rantasaunaa ei ole.Lemmikkiel\u00e4imet eiv\u00e4t ole sallittu.\u00a0 Lis\u00e4varusteet:Huvilan varustuksiin kuuluu kalastuv\u00e4lineit\u00e4, sulkapallo verkko, petanque peli, kroketti, jalkapallo maalit yms.Leikki\/pelimahdollisuuksia, kanootti\u00a0Susisaaren tenniskent\u00e4n vuokraa ja saatavuutta voi tiedustella hotellilta.<\/p>\n","protected":false},"author":1,"featured_media":0,"parent":0,"menu_order":0,"comment_status":"closed","ping_status":"closed","template":"template-full-width.php","meta":[],"_links":{"self":[{"href":"https:\/\/www.villakoivurinne.com\/index.php?rest_route=\/wp\/v2\/pages\/10"}],"collection":[{"href":"https:\/\/www.villakoivurinne.com\/index.php?rest_route=\/wp\/v2\/pages"}],"about":[{"href":"https:\/\/www.villakoivurinne.com\/index.php?rest_route=\/wp\/v2\/types\/page"}],"author":[{"embeddable":true,"href":"https:\/\/www.villakoivurinne.com\/index.php?rest_route=\/wp\/v2\/users\/1"}],"replies":[{"embeddable":true,"href":"https:\/\/www.villakoivurinne.com\/index.php?rest_route=%2Fwp%2Fv2%2Fcomments&post=10"}],"version-history":[{"count":7,"href":"https:\/\/www.villakoivurinne.com\/index.php?rest_route=\/wp\/v2\/pages\/10\/revisions"}],"predecessor-version":[{"id":80,"href":"https:\/\/www.villakoivurinne.com\/index.php?rest_route=\/wp\/v2\/pages\/10\/revisions\/80"}],"wp:attachment":[{"href":"https:\/\/www.villakoivurinne.com\/index.php?rest_route=%2Fwp%2Fv2%2Fmedia&parent=10"}],"curies":[{"name":"wp","href":"https:\/\/api.w.org\/{rel}","templated":true}]}}